{"id":7,"date":"2015-04-30T08:53:20","date_gmt":"2015-04-30T06:53:20","guid":{"rendered":"https:\/\/bonif.org.dd27824.kasserver.com\/projekt\/?page_id=7"},"modified":"2025-10-20T09:33:48","modified_gmt":"2025-10-20T07:33:48","slug":"konsortialorgane","status":"publish","type":"page","link":"https:\/\/bonif.org\/?page_id=7","title":{"rendered":"Konsortialorgane"},"content":{"rendered":"<h2>Die Konsortialorgane<\/h2>\n<div class=\"su-accordion su-u-trim accordion\">\n<div class=\"su-spoiler su-spoiler-style-default su-spoiler-icon-plus\" data-anchor=\"Vollversammlung\" data-scroll-offset=\"0\" data-anchor-in-url=\"no\"><div class=\"su-spoiler-title\" tabindex=\"0\" role=\"button\"><span class=\"su-spoiler-icon\"><\/span>Die Vollversammlung<\/div><div class=\"su-spoiler-content su-u-clearfix su-u-trim\">\n<p>Die Vollversammlung besteht aus den im Parzellenverzeichnis des Konsortiums eingetragenen Grundeigent\u00fcmern des Einzugsgebiets des Konsortiums, vorausgesetzt, dass sie den Konsortialbeitrag laut Artikel 30 des Landesgesetzes vom 28 September 2009, Nr. 5, ordnungsgem\u00e4\u00df bezahlt haben.<\/p>\n<p>Die Vollversammlung w\u00e4hlt aus ihrer Mitte alle 5 Jahre die Mitglieder des Delegiertenrates.<\/p>\n<p>Die Einberufung der Vollversammlung von Seiten des Pr\u00e4sidenten des Konsortiums erfolgt auf entsprechendem Beschluss des Delegiertenrates durch Ver\u00f6ffentlichung der Ausschreibung der Wahl an der Anschlagtafel des Konsortiums und an den Amtstafeln der im Einzugsgebiet des Konsortiums liegenden Gemeinden mindestens 15 Tage vor dem Wahltermin. Der Termin, der Ort und die Tagesordnung der Vollversammlung wird jedem Grundeigent\u00fcmer, der Mitglied des Konsortiums ist, mindestens 15 Tage vor dem Wahltermin schriftlich mitgeteilt.<\/p>\n<\/div><\/div>\n<div class=\"su-spoiler su-spoiler-style-default su-spoiler-icon-plus su-spoiler-closed\" data-anchor=\"Praesident\" data-scroll-offset=\"0\" data-anchor-in-url=\"no\"><div class=\"su-spoiler-title\" tabindex=\"0\" role=\"button\"><span class=\"su-spoiler-icon\"><\/span>Der Pr\u00e4sident und sein Stellvertreter<\/div><div class=\"su-spoiler-content su-u-clearfix su-u-trim\">\n<p><a href=\"https:\/\/bonif.org\/wp-content\/uploads\/2025\/10\/IMG-20250907-WA0002-bis.jpg\"><img loading=\"lazy\" decoding=\"async\" class=\"wp-image-2868 alignleft\" src=\"https:\/\/bonif.org\/wp-content\/uploads\/2025\/10\/IMG-20250907-WA0002-bis.jpg\" alt=\"\" width=\"223\" height=\"230\" srcset=\"https:\/\/bonif.org\/wp-content\/uploads\/2025\/10\/IMG-20250907-WA0002-bis.jpg 812w, https:\/\/bonif.org\/wp-content\/uploads\/2025\/10\/IMG-20250907-WA0002-bis-291x300.jpg 291w, https:\/\/bonif.org\/wp-content\/uploads\/2025\/10\/IMG-20250907-WA0002-bis-768x791.jpg 768w\" sizes=\"auto, (max-width: 223px) 100vw, 223px\" \/><\/a>Der Pr\u00e4sident ist der gesetzliche Vertreter des Bonifizierungskonsortiums.<\/p>\n<p>Der Pr\u00e4sident und sein Stellvertreter werden vom Delegiertenrat aus den Reihen seiner Mitglieder gew\u00e4hlt.<\/p>\n<p><strong>Paul Nicolodi<\/strong> (siehe Foto) aus Salurn\u00a0 wurde am 12.01.2023 zum amtierenden Pr\u00e4sidenten des Bonifizierungskonsortiums \u201eGmund-Salurn\u201c gew\u00e4hlt.<\/p>\n<p>Als sein Stellvertreter wurde Herr Thomas Walter aus Neumarkt bestimmt.<\/p>\n<\/div><\/div>\n<div class=\"su-spoiler su-spoiler-style-default su-spoiler-icon-plus su-spoiler-closed\" data-anchor=\"Verwaltungsrat\" data-scroll-offset=\"0\" data-anchor-in-url=\"no\"><div class=\"su-spoiler-title\" tabindex=\"0\" role=\"button\"><span class=\"su-spoiler-icon\"><\/span>Der Verwaltungsrat<\/div><div class=\"su-spoiler-content su-u-clearfix su-u-trim\">\n<p>Der Verwaltungsrat setzt sich aus dem Pr\u00e4sidenten, dem Vize-Pr\u00e4sidenten und 5 weiteren Mitgliedern zusammen, welche vom Delegiertenrat gem\u00e4\u00df Art. 8, Absatz 4 \u2013 Buchstabe a) \u2013des Konsortialstatutes \u00a0aus den eigenen Reihen gew\u00e4hlt werden.<\/p>\n<p>Der amtierende Verwaltungsrat setzt sich wie folgt zusammen:<\/p>\n<p>Dr. Paul Nicolodi (Salurn) \u00a0 \u00a0 \u00a0 \u00a0 \u00a0 \u00a0 \u00a0 \u00a0 \u00a0\u00a0 \u00a0 \u00a0 &#8211; Pr\u00e4sident<br \/>\nThomas Walter (Neumarkt) \u00a0 \u00a0 \u00a0 \u00a0 \u00a0 \u00a0 \u00a0 \u00a0\u00a0 &#8211; Vize-Pr\u00e4sident<br \/>\nRainer Gruber (Kurtatsch) \u00a0 \u00a0 \u00a0 \u00a0 \u00a0 \u00a0 \u00a0 \u00a0 \u00a0 \u00a0 &#8211; Mitglied<br \/>\nReinhard Morandell (Kaltern) \u00a0 \u00a0 \u00a0 \u00a0 \u00a0 \u00a0\u00a0 &#8211; Mitglied<br \/>\nWerner Rellich (Tramin) \u00a0 \u00a0 \u00a0 \u00a0 \u00a0 \u00a0 \u00a0 \u00a0 \u00a0 \u00a0 \u00a0 \u00a0\u00a0 &#8211; Mitglied<br \/>\nGoller Johannes Karl (Margreid) \u00a0\u00a0 \u00a0 \u00a0 &#8211; Mitglied<br \/>\nMarkus Zemmer (Kurtinig) \u00a0 \u00a0 \u00a0 \u00a0 \u00a0 \u00a0 \u00a0 \u00a0\u00a0 \u00a0 &#8211; Mitglied<\/p>\n<\/div><\/div>\n<div class=\"su-spoiler su-spoiler-style-default su-spoiler-icon-plus su-spoiler-closed\" data-anchor=\"Delegiertenrat\" data-scroll-offset=\"0\" data-anchor-in-url=\"no\"><div class=\"su-spoiler-title\" tabindex=\"0\" role=\"button\"><span class=\"su-spoiler-icon\"><\/span>Der Delegiertenrat<\/div><div class=\"su-spoiler-content su-u-clearfix su-u-trim\">\n<p>Der Delegiertenrat besteht aus 13 von der Vollversammlung gew\u00e4hlten Mitgliedern.<\/p>\n<p>Der amtierende Delegiertenrat setzt sich wie folgt zusammen:<\/p>\n<p>Paul Nicolodi (Salurn) \u00a0 \u00a0 \u00a0 \u00a0 \u00a0 \u00a0 \u00a0 \u00a0 \u00a0 \u00a0 \u00a0 \u00a0 \u00a0 \u00a0 \u00a0 &#8211; Pr\u00e4sident<br \/>\nThomas Walter (Neumarkt) \u00a0 \u00a0 \u00a0 \u00a0 \u00a0 \u00a0 \u00a0 \u00a0 &#8211; Vize-Pr\u00e4sident<br \/>\nHerbert Marchiodi (Neumarkt) \u00a0 \u00a0 \u00a0 \u00a0 \u00a0&#8211; Mitglied<br \/>\nRainer Gruber (Kurtatsch) \u00a0 \u00a0 \u00a0 \u00a0 \u00a0 \u00a0 \u00a0 \u00a0 \u00a0 \u00a0&#8211; Mitglied<br \/>\nSonia Schwienbacher (Kurtatsch)\u00a0\u00a0\u00a0 &#8211; Mitglied<br \/>\nReinhard Morandell (Kaltern) \u00a0 \u00a0 \u00a0 \u00a0 \u00a0 \u00a0 &#8211; Mitglied<br \/>\nRobert Klauser (Kaltern) \u00a0 \u00a0 \u00a0 \u00a0 \u00a0 \u00a0 \u00a0 \u00a0 \u00a0 \u00a0 \u00a0 \u00a0&#8211; Mitglied<br \/>\nArmin Sepp (Kaltern) \u00a0 \u00a0 \u00a0 \u00a0 \u00a0 \u00a0 \u00a0 \u00a0 \u00a0 \u00a0 \u00a0 \u00a0 \u00a0 \u00a0\u00a0 \u00a0 &#8211; Mitglied<br \/>\nWerner Rellich (Tramin) \u00a0 \u00a0 \u00a0 \u00a0 \u00a0 \u00a0 \u00a0 \u00a0 \u00a0 \u00a0 \u00a0 \u00a0 &#8211; Mitglied<br \/>\nStefan Psenner (Tramin) \u00a0 \u00a0 \u00a0 \u00a0 \u00a0 \u00a0 \u00a0 \u00a0 \u00a0 \u00a0 \u00a0 \u00a0 &#8211; Mitglied<br \/>\nJohannes Karl Goller (Margreid) \u00a0 \u00a0 \u00a0 &#8211; Mitglied<br \/>\nMarcello Faustin (Salurn)\u00a0\u00a0 \u00a0 \u00a0 \u00a0 \u00a0 \u00a0 \u00a0 \u00a0 \u00a0 \u00a0\u00a0 &#8211; Mitglied<br \/>\nMarkus Zemmer (Kurtinig) \u00a0 \u00a0 \u00a0 \u00a0 \u00a0 \u00a0 \u00a0 \u00a0 \u00a0 &#8211; Mitglied<\/p>\n<p><a href=\"https:\/\/bonif.org\/wp-content\/uploads\/2023\/10\/20230112_190840.jpg\"><img loading=\"lazy\" decoding=\"async\" class=\"alignnone size-medium wp-image-2420\" src=\"https:\/\/bonif.org\/wp-content\/uploads\/2023\/10\/20230112_190840-300x146.jpg\" alt=\"20230112_190840\" width=\"300\" height=\"146\" srcset=\"https:\/\/bonif.org\/wp-content\/uploads\/2023\/10\/20230112_190840-300x146.jpg 300w, https:\/\/bonif.org\/wp-content\/uploads\/2023\/10\/20230112_190840-1024x498.jpg 1024w\" sizes=\"auto, (max-width: 300px) 100vw, 300px\" \/><\/a><\/p>\n<\/div><\/div>\n<div class=\"su-spoiler su-spoiler-style-default su-spoiler-icon-plus su-spoiler-closed\" data-anchor=\"Rechnungspruefer\" data-scroll-offset=\"0\" data-anchor-in-url=\"no\"><div class=\"su-spoiler-title\" tabindex=\"0\" role=\"button\"><span class=\"su-spoiler-icon\"><\/span>Der Rechnungspr\u00fcfer<\/div><div class=\"su-spoiler-content su-u-clearfix su-u-trim\">\n<p>Der Rechnungspr\u00fcfer wird aus dem Verzeichnis der Rechnungspr\u00fcfer f\u00fcr die Dauer der gesamten Amtsperiode (5 Jahre) gew\u00e4hlt.<\/p>\n<p>Amtierender Rechnungspr\u00fcfer: \u00a0 Dr. Florian Morandell <\/div><\/div>\n<\/div>\n","protected":false},"excerpt":{"rendered":"<p>Die Konsortialorgane<\/p>\n","protected":false},"author":1,"featured_media":86,"parent":0,"menu_order":2,"comment_status":"open","ping_status":"closed","template":"","meta":{"_acf_changed":false,"footnotes":""},"class_list":["post-7","page","type-page","status-publish","has-post-thumbnail","hentry"],"acf":[],"jetpack_sharing_enabled":true,"_links":{"self":[{"href":"https:\/\/bonif.org\/index.php?rest_route=\/wp\/v2\/pages\/7","targetHints":{"allow":["GET"]}}],"collection":[{"href":"https:\/\/bonif.org\/index.php?rest_route=\/wp\/v2\/pages"}],"about":[{"href":"https:\/\/bonif.org\/index.php?rest_route=\/wp\/v2\/types\/page"}],"author":[{"embeddable":true,"href":"https:\/\/bonif.org\/index.php?rest_route=\/wp\/v2\/users\/1"}],"replies":[{"embeddable":true,"href":"https:\/\/bonif.org\/index.php?rest_route=%2Fwp%2Fv2%2Fcomments&post=7"}],"version-history":[{"count":23,"href":"https:\/\/bonif.org\/index.php?rest_route=\/wp\/v2\/pages\/7\/revisions"}],"predecessor-version":[{"id":2870,"href":"https:\/\/bonif.org\/index.php?rest_route=\/wp\/v2\/pages\/7\/revisions\/2870"}],"wp:featuredmedia":[{"embeddable":true,"href":"https:\/\/bonif.org\/index.php?rest_route=\/wp\/v2\/media\/86"}],"wp:attachment":[{"href":"https:\/\/bonif.org\/index.php?rest_route=%2Fwp%2Fv2%2Fmedia&parent=7"}],"curies":[{"name":"wp","href":"https:\/\/api.w.org\/{rel}","templated":true}]}}