{"id":22,"date":"2015-04-30T08:53:31","date_gmt":"2015-04-30T06:53:31","guid":{"rendered":"https:\/\/bonif.org.dd27824.kasserver.com\/projekt\/?page_id=22"},"modified":"2015-12-10T16:01:00","modified_gmt":"2015-12-10T15:01:00","slug":"transparente-verwaltung","status":"publish","type":"page","link":"https:\/\/bonif.org\/?page_id=22","title":{"rendered":"Transparente Verwaltung"},"content":{"rendered":"<h2>Transparente Verwaltung<\/h2>\n<p>Seite erstellt im Sinne der Bestimmungen des\u00a0 GVD Nr.\u00a0 33\/2013!<br \/>\nDie Autonome Region Trentino-S\u00fcdtirol hat mittels Regionalgesetz Nr. 10 vom 29.10.2014 f\u00fcr die der Region unterstehenden \u00f6ffentlichen K\u00f6rperschaften, eigene Bestimmungen \u00fcber die zu ver\u00f6ffentlichenden Daten und Informationen erlassen, wobei f\u00fcr kleinere K\u00f6rperschaften (wie z.B. die Gemeinden mit weniger als 50.000 Einwohnern) einige Vereinfachungen vorgesehen wurden. In Anwendung des Art. 48 des Landesgesetzes Nr. 5 vom 28.09.2009 (Landesgesetz \u00fcber die Bonifizierung), kann auch das Bonifizierungskonsortium \u201eGmund-Salurn\u201c diese Vereinfachungen anwenden.<\/p>\n","protected":false},"excerpt":{"rendered":"<p>Transparente Verwaltung Seite erstellt im Sinne der Bestimmungen des\u00a0 GVD Nr.\u00a0 33\/2013! Die Autonome Region Trentino-S\u00fcdtirol hat mittels Regionalgesetz Nr. 10 vom 29.10.2014 f\u00fcr die der Region unterstehenden \u00f6ffentlichen K\u00f6rperschaften, eigene Bestimmungen \u00fcber die zu ver\u00f6ffentlichenden Daten und Informationen erlassen, wobei f\u00fcr kleinere K\u00f6rperschaften (wie z.B. die Gemeinden mit weniger als 50.000 Einwohnern) einige Vereinfachungen &hellip; <a href=\"https:\/\/bonif.org\/?page_id=22\" class=\"more-link\"><span class=\"screen-reader-text\">Transparente Verwaltung<\/span> weiterlesen <span class=\"meta-nav\">&rarr;<\/span><\/a><\/p>\n","protected":false},"author":1,"featured_media":0,"parent":0,"menu_order":17,"comment_status":"open","ping_status":"closed","template":"template_verwaltung.php","meta":{"_acf_changed":false,"footnotes":""},"class_list":["post-22","page","type-page","status-publish","hentry"],"acf":[],"jetpack_sharing_enabled":true,"_links":{"self":[{"href":"https:\/\/bonif.org\/index.php?rest_route=\/wp\/v2\/pages\/22","targetHints":{"allow":["GET"]}}],"collection":[{"href":"https:\/\/bonif.org\/index.php?rest_route=\/wp\/v2\/pages"}],"about":[{"href":"https:\/\/bonif.org\/index.php?rest_route=\/wp\/v2\/types\/page"}],"author":[{"embeddable":true,"href":"https:\/\/bonif.org\/index.php?rest_route=\/wp\/v2\/users\/1"}],"replies":[{"embeddable":true,"href":"https:\/\/bonif.org\/index.php?rest_route=%2Fwp%2Fv2%2Fcomments&post=22"}],"version-history":[{"count":5,"href":"https:\/\/bonif.org\/index.php?rest_route=\/wp\/v2\/pages\/22\/revisions"}],"predecessor-version":[{"id":864,"href":"https:\/\/bonif.org\/index.php?rest_route=\/wp\/v2\/pages\/22\/revisions\/864"}],"wp:attachment":[{"href":"https:\/\/bonif.org\/index.php?rest_route=%2Fwp%2Fv2%2Fmedia&parent=22"}],"curies":[{"name":"wp","href":"https:\/\/api.w.org\/{rel}","templated":true}]}}