{"id":212,"date":"2015-04-30T08:53:24","date_gmt":"2015-04-30T06:53:24","guid":{"rendered":"https:\/\/bonif.org.dd27824.kasserver.com\/projekt\/?page_id=212"},"modified":"2015-06-17T15:16:55","modified_gmt":"2015-06-17T13:16:55","slug":"instandhaltung-der-entwaesserungsgraeben","status":"publish","type":"page","link":"https:\/\/bonif.org\/?page_id=212&lang=it","title":{"rendered":"Manutenzione dei canali"},"content":{"rendered":"<h2>Manutenzione dei canali<\/h2>\n<div id=\"idTextPanel\" class=\"jqDnR\">\n<p><a href=\"https:\/\/bonif.org\/wp-content\/uploads\/2015\/05\/100_1400.jpg\"><img loading=\"lazy\" decoding=\"async\" class=\" size-medium wp-image-528 alignleft\" src=\"https:\/\/bonif.org\/wp-content\/uploads\/2015\/05\/100_1400-300x225.jpg\" alt=\"100_1400\" width=\"300\" height=\"225\" srcset=\"https:\/\/bonif.org\/wp-content\/uploads\/2015\/05\/100_1400-300x225.jpg 300w, https:\/\/bonif.org\/wp-content\/uploads\/2015\/05\/100_1400-1024x768.jpg 1024w, https:\/\/bonif.org\/wp-content\/uploads\/2015\/05\/100_1400.jpg 2048w\" sizes=\"auto, (max-width: 300px) 100vw, 300px\" \/><\/a>L&#8217;attivit\u00e0 principale del Consorzio di Bonifica &#8222;Monte-Salorno&#8220; consiste nella manutenzione e gestione della rete scolante di interesse pubblico adibita allo scolo delle acque superficiali all&#8217;interno del proprio comprensorio. In particolare il Consorzio provvede alla manutenzione ed allo sfalcio delle sponde dei canali, alla pulizia del loro fondo ed al ripristino delle scarpate \u00a0franate.<\/p>\n<p>A ci\u00f2 \u00e9 legato anche l&#8217;esercizio e la manutenzione di paratoie e di sbarramenti, con i quali \u00e9 possibile regolare il livello di acqua di certi canali.<\/p>\n<p>Di seguito sono elencate le fosse di bonifica, che ai sensi delle disposizioni della L.P. 5\/2009 e al &#8222;Piano generale di bonifica &#8220; \u00a0ricadono nell&#8217;ambito di competenza del Consorzio di Bonifica &#8222;Monte-Salorno&#8220;.<\/p>\n<p><a href=\"https:\/\/bonif.org\/wp-content\/uploads\/2015\/05\/Elenco-fosse-di-bonifica.pdf\">Elenco fosse di bonifica<\/a><\/p>\n<p>&nbsp;<\/p>\n<\/div>\n<div class=\"jqDnR\">\n<hr \/>\n<p><strong><span style=\"text-decoration: underline;\">Linee guida per una gestione naturalistica delle fosse:<\/span><\/strong><\/p>\n<p><a href=\"https:\/\/bonif.org\/wp-content\/uploads\/2015\/05\/CIMG0915.jpg\"><img loading=\"lazy\" decoding=\"async\" class=\" size-medium wp-image-440 alignleft\" src=\"https:\/\/bonif.org\/wp-content\/uploads\/2015\/05\/CIMG0915-300x225.jpg\" alt=\"CIMG0915\" width=\"300\" height=\"225\" \/><\/a>Affinch\u00e8 le fosse di bonifica, oltre alla loro funzione pricipale dello scolo delle acqua superficiali, possano fungere anche come habitat naturale di flora e fauna, il Consorzio, in collaborazione con l&#8217;ufficio provinciale per ecologia e paesaggio, ha elaborato apposite linee guida, secondo le quali lo sfalcio delle erbe viene eseguito a tratti alternati e pi\u00f9 tardi possibile.<\/p>\n<p>Di seguito sono riportati i piani di gestione (disponibile solo in lingua tedesca), secondo i quali vengono eseguite in linea di massima le operazioni di sfalcio dei principali canali di bonifica.<\/p>\n<p><a href=\"https:\/\/bonif.org\/wp-content\/uploads\/2015\/05\/Gmund-Salurn-NORD.pdf\">Comprensorio NORD<br \/>\n<\/a><a href=\"https:\/\/bonif.org\/wp-content\/uploads\/2015\/05\/Gmund-Salurn-S\u00dcD.pdf\">Comprensorio SUD<\/a><\/p>\n<p>&nbsp;<\/p>\n<p><a href=\"https:\/\/bonif.org\/wp-content\/uploads\/2015\/05\/Sanierung-Hauptgraben.jpg\"><img loading=\"lazy\" decoding=\"async\" class=\"size-medium wp-image-432 alignleft\" src=\"https:\/\/bonif.org\/wp-content\/uploads\/2015\/05\/Sanierung-Hauptgraben-300x240.jpg\" alt=\"Exif_JPEG_422\" width=\"300\" height=\"240\" \/><\/a><\/p>\n<p>Anche nell&#8217;esecuzione dei lavori di ripristino delle sponde franate, il Consorzio si impegna ad usare materiali facilmente compattibili con la natura come pietrame e legno, evitando, ove possibile, l&#8217;uso di cemento i materiali sintetici.<\/p>\n<\/div>\n","protected":false},"excerpt":{"rendered":"<p>Manutenzione dei canali L&#8217;attivit\u00e0 principale del Consorzio di Bonifica &#8222;Monte-Salorno&#8220; consiste nella manutenzione e gestione della rete scolante di interesse pubblico adibita allo scolo delle acque superficiali all&#8217;interno del proprio comprensorio. In particolare il Consorzio provvede alla manutenzione ed allo sfalcio delle sponde dei canali, alla pulizia del loro fondo ed al ripristino delle scarpate &hellip; <a href=\"https:\/\/bonif.org\/?page_id=212&#038;lang=it\" class=\"more-link\"><span class=\"screen-reader-text\">Manutenzione dei canali<\/span> weiterlesen <span class=\"meta-nav\">&rarr;<\/span><\/a><\/p>\n","protected":false},"author":1,"featured_media":0,"parent":198,"menu_order":8,"comment_status":"open","ping_status":"closed","template":"","meta":{"_acf_changed":false,"footnotes":""},"class_list":["post-212","page","type-page","status-publish","hentry"],"acf":[],"jetpack_sharing_enabled":true,"_links":{"self":[{"href":"https:\/\/bonif.org\/index.php?rest_route=\/wp\/v2\/pages\/212","targetHints":{"allow":["GET"]}}],"collection":[{"href":"https:\/\/bonif.org\/index.php?rest_route=\/wp\/v2\/pages"}],"about":[{"href":"https:\/\/bonif.org\/index.php?rest_route=\/wp\/v2\/types\/page"}],"author":[{"embeddable":true,"href":"https:\/\/bonif.org\/index.php?rest_route=\/wp\/v2\/users\/1"}],"replies":[{"embeddable":true,"href":"https:\/\/bonif.org\/index.php?rest_route=%2Fwp%2Fv2%2Fcomments&post=212"}],"version-history":[{"count":17,"href":"https:\/\/bonif.org\/index.php?rest_route=\/wp\/v2\/pages\/212\/revisions"}],"predecessor-version":[{"id":705,"href":"https:\/\/bonif.org\/index.php?rest_route=\/wp\/v2\/pages\/212\/revisions\/705"}],"up":[{"embeddable":true,"href":"https:\/\/bonif.org\/index.php?rest_route=\/wp\/v2\/pages\/198"}],"wp:attachment":[{"href":"https:\/\/bonif.org\/index.php?rest_route=%2Fwp%2Fv2%2Fmedia&parent=212"}],"curies":[{"name":"wp","href":"https:\/\/api.w.org\/{rel}","templated":true}]}}