{"id":192,"date":"2015-04-30T08:53:19","date_gmt":"2015-04-30T06:53:19","guid":{"rendered":"https:\/\/bonif.org.dd27824.kasserver.com\/projekt\/?page_id=192"},"modified":"2026-03-10T14:43:51","modified_gmt":"2026-03-10T13:43:51","slug":"home","status":"publish","type":"page","link":"https:\/\/bonif.org\/?page_id=192&lang=it","title":{"rendered":"Home"},"content":{"rendered":"<h2>Consorzio di Bonifica \u201eMonte-Salorno\u201c<\/h2>\n<p>Il Consorzio di Bonifica \u201cMonte \u2013 Salorno\u201d (costituito allo stato e comprensorio attuale con delibera della Giunta Provinciale di Bolzano n. 1558 del 15.04.1985) con sede in 39044 Egna, via Stazione 36, \u00e8 persona giuridica pubblica a carattere associativo che opera secondo i principi di efficienza, efficacia, economicit\u00e0, trasparenza e sussidiariet\u00e0, assicurando altres\u00ec una costante informazione dei consorziati e delle comunit\u00e0 locali sulle attivit\u00e0 svolte. Esso \u00e8 amministrato per mezzo dei propri organi, i cui componenti sono scelti dai consorziati.<\/p>\n<p>&nbsp;<\/p>\n<div class=\"su-column su-column-size-1-2\"><div class=\"su-column-inner su-u-clearfix su-u-trim\"><\/div><\/div>\n<div class=\"su-column su-column-size-1-2\"><div class=\"su-column-inner su-u-clearfix su-u-trim\">\n<span style=\"text-decoration: underline;\"><strong>Amministrazione:<\/strong><\/span><br \/>\nVia Stazione 36<br \/>\n39044 Egna (BZ)<br \/>\nTel. \u00a00471 &#8211; 81 21 27 \u00a0 \u00a0\u00a0Fax \u00a0 0471 &#8211; 82 33 99<br \/>\nCodice fiscale \u00a080010330217<br \/>\n<a href=\"mailto:info@bonif.org\">info@bonif.org<br \/>\n<\/a>PEC:\u00a0 bonif@pec.rolmail.net<\/p>\n<p><span style=\"text-decoration: underline;\">Orari d&#8217;ufficio:<\/span><br \/>\nLuned\u00ec &#8211; venerd\u00ec: \u00a0 dalle ore \u00a008.00 &#8211; 12.30<br \/>\nGioved\u00ec: \u00a0 \u00a0 \u00a0 \u00a0 \u00a0 \u00a0 \u00a0 \u00a0 \u00a0 \u00a0 \u00a0dalle ore \u00a013.30 &#8211; 17.00<\/p>\n<\/div><\/div>\n<p>&nbsp;<\/p>\n<div class=\"su-column su-column-size-1-2\"><div class=\"su-column-inner su-u-clearfix su-u-trim\">\n<p><strong><span style=\"text-decoration: underline;\">Magazzino centrale:<\/span><br \/>\n<\/strong>Via Stazione 31<br \/>\n39044 Egna (BZ)<\/p>\n<\/div><\/div>\n<div class=\"su-column su-column-size-1-2\"><div class=\"su-column-inner su-u-clearfix su-u-trim\">\n<p>&nbsp;<\/p>\n<\/div><\/div>\n<h3><span style=\"text-decoration: underline;\"><strong>Struttura organizzativa:<\/strong><\/span><\/h3>\n<p><strong>Direzione:<\/strong><br \/>\nEduard Franzelin<br \/>\nTel.\u00a0\u00a0\u00a0\u00a0 0471-812127<br \/>\ne-mail\u00a0 <a href=\"mailto:eduard.franzelin@bonif.org\">eduard.franzelin@bonif.org<\/a><\/p>\n<p><strong>Ufficio tecnico:<\/strong><br \/>\nMichael Silgoner<br \/>\nTel.\u00a0\u00a0\u00a0\u00a0 0471-812127<br \/>\ne-mail\u00a0 <a href=\"mailto:christine.ruatti@bonif.org\">michael.silgoner@bonif.org<\/a><\/p>\n<p><strong>Amministrazione:<\/strong><br \/>\nChristine Ruatti Weger<br \/>\nTel.\u00a0\u00a0\u00a0\u00a0 0471-812127<br \/>\ne-mail\u00a0 <a href=\"mailto:christine.ruatti@bonif.org\">christine.ruatti@bonif.org<\/a><\/p>\n<p><strong>Contabilit\u00e0:<\/strong><br \/>\nElisabeth Zelger Huber<br \/>\nTel.\u00a0\u00a0\u00a0\u00a0 0471-812127<br \/>\ne-mail\u00a0 <a href=\"mailto:elisabeth.huber@bonif.org\">elisabeth.huber@bonif.org<\/a><\/p>\n<p>&nbsp;<\/p>\n<p><iframe loading=\"lazy\" src=\"https:\/\/www.google.com\/maps\/d\/embed?mid=z95ynzCAZPB0.kXpC8EusMVG8\" width=\"100%\" height=\"450\"><\/iframe><\/p>\n","protected":false},"excerpt":{"rendered":"<p>Consorzio di Bonifica \u201eMonte-Salorno\u201c Il Consorzio di Bonifica \u201cMonte \u2013 Salorno\u201d (costituito allo stato e comprensorio attuale con delibera della Giunta Provinciale di Bolzano n. 1558 del 15.04.1985) con sede in 39044 Egna, via Stazione 36, \u00e8 persona giuridica pubblica a carattere associativo che opera secondo i principi di efficienza, efficacia, economicit\u00e0, trasparenza e sussidiariet\u00e0, &hellip; <a href=\"https:\/\/bonif.org\/?page_id=192&#038;lang=it\" class=\"more-link\"><span class=\"screen-reader-text\">Home<\/span> weiterlesen <span class=\"meta-nav\">&rarr;<\/span><\/a><\/p>\n","protected":false},"author":1,"featured_media":0,"parent":0,"menu_order":1,"comment_status":"open","ping_status":"closed","template":"template_home.php","meta":{"_acf_changed":false,"footnotes":""},"class_list":["post-192","page","type-page","status-publish","hentry"],"acf":[],"jetpack_sharing_enabled":true,"_links":{"self":[{"href":"https:\/\/bonif.org\/index.php?rest_route=\/wp\/v2\/pages\/192","targetHints":{"allow":["GET"]}}],"collection":[{"href":"https:\/\/bonif.org\/index.php?rest_route=\/wp\/v2\/pages"}],"about":[{"href":"https:\/\/bonif.org\/index.php?rest_route=\/wp\/v2\/types\/page"}],"author":[{"embeddable":true,"href":"https:\/\/bonif.org\/index.php?rest_route=\/wp\/v2\/users\/1"}],"replies":[{"embeddable":true,"href":"https:\/\/bonif.org\/index.php?rest_route=%2Fwp%2Fv2%2Fcomments&post=192"}],"version-history":[{"count":24,"href":"https:\/\/bonif.org\/index.php?rest_route=\/wp\/v2\/pages\/192\/revisions"}],"predecessor-version":[{"id":2965,"href":"https:\/\/bonif.org\/index.php?rest_route=\/wp\/v2\/pages\/192\/revisions\/2965"}],"wp:attachment":[{"href":"https:\/\/bonif.org\/index.php?rest_route=%2Fwp%2Fv2%2Fmedia&parent=192"}],"curies":[{"name":"wp","href":"https:\/\/api.w.org\/{rel}","templated":true}]}}