{"id":19,"date":"2015-04-30T08:53:28","date_gmt":"2015-04-30T06:53:28","guid":{"rendered":"https:\/\/bonif.org.dd27824.kasserver.com\/projekt\/?page_id=19"},"modified":"2024-09-12T17:03:53","modified_gmt":"2024-09-12T15:03:53","slug":"pegelstaende","status":"publish","type":"page","link":"https:\/\/bonif.org\/?page_id=19","title":{"rendered":"Pegelst\u00e4nde"},"content":{"rendered":"<h2>Pegelst\u00e4nde<\/h2>\n<div class=\"su-table table_bonif\"><script src=\"https:\/\/public.bonif.indunet.it\/fc2\/?mode=javascript&amp;language=de\" language=\"JavaScript\"><\/script><br \/>\n<noscript><strong><a href=\"https:\/\/public.bonif.indunet.it\/fc2\/?language=de\">Hier klicken<\/a><\/strong><\/noscript><\/div>\n<p><strong>Etschpegel beim Sch\u00f6pfwerk Neumarkt &#8211; \u00d6rtlichkeit St. Florian<\/strong><\/p>\n<div class=\"su-table table_bonif\"><script src=\"https:\/\/public.bonif.indunet.it\/graphs\/syndicate.php\/dummy.js?mode=code&amp;plant=stflorian&amp;lang=de&amp;dummy=foo.js\" type=\"text\/JavaScript\" language=\"JavaScript\"><\/script><br \/>\n<noscript><img decoding=\"async\" height=400 src=\"https:\/\/public.bonif.indunet.it\/graphs\/syndicate.php\/dummy.png?mode=direct&#038;plant=stflorian&#038;lang=de&#038;dummy=foo.png\" width=500><\/noscript><\/div>\n","protected":false},"excerpt":{"rendered":"<p>Pegelst\u00e4nde Hier klicken Etschpegel beim Sch\u00f6pfwerk Neumarkt &#8211; \u00d6rtlichkeit St. Florian<\/p>\n","protected":false},"author":1,"featured_media":0,"parent":0,"menu_order":14,"comment_status":"open","ping_status":"closed","template":"","meta":{"_acf_changed":false,"footnotes":""},"class_list":["post-19","page","type-page","status-publish","hentry"],"acf":[],"jetpack_sharing_enabled":true,"_links":{"self":[{"href":"https:\/\/bonif.org\/index.php?rest_route=\/wp\/v2\/pages\/19","targetHints":{"allow":["GET"]}}],"collection":[{"href":"https:\/\/bonif.org\/index.php?rest_route=\/wp\/v2\/pages"}],"about":[{"href":"https:\/\/bonif.org\/index.php?rest_route=\/wp\/v2\/types\/page"}],"author":[{"embeddable":true,"href":"https:\/\/bonif.org\/index.php?rest_route=\/wp\/v2\/users\/1"}],"replies":[{"embeddable":true,"href":"https:\/\/bonif.org\/index.php?rest_route=%2Fwp%2Fv2%2Fcomments&post=19"}],"version-history":[{"count":8,"href":"https:\/\/bonif.org\/index.php?rest_route=\/wp\/v2\/pages\/19\/revisions"}],"predecessor-version":[{"id":2662,"href":"https:\/\/bonif.org\/index.php?rest_route=\/wp\/v2\/pages\/19\/revisions\/2662"}],"wp:attachment":[{"href":"https:\/\/bonif.org\/index.php?rest_route=%2Fwp%2Fv2%2Fmedia&parent=19"}],"curies":[{"name":"wp","href":"https:\/\/api.w.org\/{rel}","templated":true}]}}