{"id":18,"date":"2015-04-30T08:53:28","date_gmt":"2015-04-30T06:53:28","guid":{"rendered":"https:\/\/bonif.org.dd27824.kasserver.com\/projekt\/?page_id=18"},"modified":"2015-05-19T14:07:36","modified_gmt":"2015-05-19T12:07:36","slug":"daten","status":"publish","type":"page","link":"https:\/\/bonif.org\/?page_id=18","title":{"rendered":"Statistische Daten"},"content":{"rendered":"<h2>Statistische Daten<\/h2>\n<p><strong><u>Einzugsgebiete:<\/u><\/strong><\/p>\n<p>Gesamtes Einzugsgebiet: \u00a0 \u00a0 \u00a0 \u00a04.168,7 ha<\/p>\n<p>davon hydraulische Becken (mechanische Entw\u00e4sserung):<\/p>\n<ul>\n<li>Becken Porzengraben: \u00a0 \u00a0 \u00a0 475,2 ha<\/li>\n<li>Becken Neumarkt: \u00a0 \u00a0 \u00a0 \u00a0 \u00a0 \u00a0 \u00a0 \u00a0239,3 ha<\/li>\n<li>Becken Vill: \u00a0 \u00a0 \u00a0 \u00a0 \u00a0 \u00a0 \u00a0 \u00a0 \u00a0 \u00a0 \u00a0 \u00a0 \u00a0 \u00a0 \u00a0 \u00a0 \u00a033,9 ha<\/li>\n<li>Becken Laag: \u00a0 \u00a0 \u00a0 \u00a0 \u00a0 \u00a0 \u00a0 \u00a0 \u00a0 \u00a0 \u00a0 \u00a0 \u00a0 \u00a0 \u00a0 16,0 ha<\/li>\n<li>Becken Pirstl: \u00a0 \u00a0 \u00a0 \u00a0 \u00a0 \u00a0 \u00a0 \u00a0 \u00a0 \u00a0 \u00a0 \u00a0 \u00a0100,5 ha<\/li>\n<li>Becken Kurtatsch: \u00a0 \u00a0 \u00a0 \u00a0 \u00a0 \u00a0 \u00a0 \u00a0 \u00a0 16,9 ha<\/li>\n<\/ul>\n<p>&nbsp;<\/p>\n<p><strong><u>Sch\u00f6pfwerke:<\/u><\/strong><br \/>\n<div class=\"su-table table_bonif su-table-alternate\">\n<table>\n<tbody>\n<tr>\n<td width=\"140\">Bezeichnung<\/td>\n<td width=\"126\">F\u00f6rdermenge (in Liter \/ Sekunde)<\/td>\n<td width=\"117\">Stromanschluss (in KW)<\/td>\n<\/tr>\n<tr>\n<td width=\"140\">Sch\u00f6pfwerk Salurn<\/td>\n<td width=\"126\">10.000<\/td>\n<td width=\"117\">900<\/td>\n<\/tr>\n<tr>\n<td width=\"140\">Sch\u00f6pfwerk Neumarkt<\/td>\n<td width=\"126\">2.000<\/td>\n<td width=\"117\">171<\/td>\n<\/tr>\n<tr>\n<td width=\"140\">Sch\u00f6pfwerk Vill<\/td>\n<td width=\"126\">600<\/td>\n<td width=\"117\">50<\/td>\n<\/tr>\n<tr>\n<td width=\"140\">Sch\u00f6pfwerk Laag<\/td>\n<td width=\"126\">250<\/td>\n<td width=\"117\">25<\/td>\n<\/tr>\n<tr>\n<td width=\"140\">Sch\u00f6pfwerk Pirstl<\/td>\n<td width=\"126\">300<\/td>\n<td width=\"117\">30<\/td>\n<\/tr>\n<tr>\n<td width=\"140\">Sch\u00f6pfwerk Kurtatsch<\/td>\n<td width=\"126\">250<\/td>\n<td width=\"117\">30<\/td>\n<\/tr>\n<\/tbody>\n<\/table>\n<\/div>\n<strong><u>Gr\u00e4ben:<br \/>\n<\/u><\/strong>Gesamtl\u00e4nge der Entw\u00e4sserungsgr\u00e4ben: \u00a0 \u00a0 \u00a0zirka 95 km<\/p>\n<p><strong><span style=\"text-decoration: underline;\">Schleusen:<\/span><\/strong><br \/>\nSchleusen im Einzugsgebiet: \u00a0 \u00a0 \u00a0 \u00a0 \u00a0 \u00a0 \u00a0 \u00a0 \u00a0 \u00a0 \u00a0 \u00a0 \u00a0 \u00a0 \u00a0 \u00a0 \u00a0Nr. \u00a08<\/p>\n<p><strong><u>Wasserfassungsstellen:<br \/>\n<\/u><\/strong>Wasserfassungsstellen im Einzugsgebiet: \u00a0 \u00a0 Nr. 20<\/p>\n<p><strong><u>Beregnungsanlagen:<br \/>\n<\/u><\/strong>Verwaltung von Beregnungsanlagen: \u00a0 \u00a0 \u00a0 \u00a0 \u00a0 \u00a0 \u00a0Nr. 1\u00a0\u00a0 (9,3 ha)<\/p>\n","protected":false},"excerpt":{"rendered":"<p>Statistische Daten Einzugsgebiete: Gesamtes Einzugsgebiet: \u00a0 \u00a0 \u00a0 \u00a04.168,7 ha davon hydraulische Becken (mechanische Entw\u00e4sserung): Becken Porzengraben: \u00a0 \u00a0 \u00a0 475,2 ha Becken Neumarkt: \u00a0 \u00a0 \u00a0 \u00a0 \u00a0 \u00a0 \u00a0 \u00a0239,3 ha Becken Vill: \u00a0 \u00a0 \u00a0 \u00a0 \u00a0 \u00a0 \u00a0 \u00a0 \u00a0 \u00a0 \u00a0 \u00a0 \u00a0 \u00a0 \u00a0 \u00a0 \u00a033,9 ha Becken Laag: &hellip; <a href=\"https:\/\/bonif.org\/?page_id=18\" class=\"more-link\"><span class=\"screen-reader-text\">Statistische Daten<\/span> weiterlesen <span class=\"meta-nav\">&rarr;<\/span><\/a><\/p>\n","protected":false},"author":1,"featured_media":86,"parent":0,"menu_order":13,"comment_status":"open","ping_status":"closed","template":"","meta":{"_acf_changed":false,"footnotes":""},"class_list":["post-18","page","type-page","status-publish","has-post-thumbnail","hentry"],"acf":[],"jetpack_sharing_enabled":true,"_links":{"self":[{"href":"https:\/\/bonif.org\/index.php?rest_route=\/wp\/v2\/pages\/18","targetHints":{"allow":["GET"]}}],"collection":[{"href":"https:\/\/bonif.org\/index.php?rest_route=\/wp\/v2\/pages"}],"about":[{"href":"https:\/\/bonif.org\/index.php?rest_route=\/wp\/v2\/types\/page"}],"author":[{"embeddable":true,"href":"https:\/\/bonif.org\/index.php?rest_route=\/wp\/v2\/users\/1"}],"replies":[{"embeddable":true,"href":"https:\/\/bonif.org\/index.php?rest_route=%2Fwp%2Fv2%2Fcomments&post=18"}],"version-history":[{"count":11,"href":"https:\/\/bonif.org\/index.php?rest_route=\/wp\/v2\/pages\/18\/revisions"}],"predecessor-version":[{"id":394,"href":"https:\/\/bonif.org\/index.php?rest_route=\/wp\/v2\/pages\/18\/revisions\/394"}],"wp:featuredmedia":[{"embeddable":true,"href":"https:\/\/bonif.org\/index.php?rest_route=\/wp\/v2\/media\/86"}],"wp:attachment":[{"href":"https:\/\/bonif.org\/index.php?rest_route=%2Fwp%2Fv2%2Fmedia&parent=18"}],"curies":[{"name":"wp","href":"https:\/\/api.w.org\/{rel}","templated":true}]}}