{"id":17,"date":"2015-04-30T08:53:27","date_gmt":"2015-04-30T06:53:27","guid":{"rendered":"https:\/\/bonif.org.dd27824.kasserver.com\/projekt\/?page_id=17"},"modified":"2025-03-25T14:29:37","modified_gmt":"2025-03-25T13:29:37","slug":"konsortialbeitraege","status":"publish","type":"page","link":"https:\/\/bonif.org\/?page_id=17","title":{"rendered":"Konsortialbeitr\u00e4ge"},"content":{"rendered":"<h2>Konsortialbeitr\u00e4ge<\/h2>\n<p>Ziehen die Eigent\u00fcmer von \u00f6ffentlichen und privaten, landwirtschaftlichen und nichtlandwirtschaftlichen Liegenschaften, welche sich im Einzugsgebiet des Bonifizierungskonsortiums befinden, Nutzen aus den vom Konsortium gef\u00fchrten Bauten, sind sie gem\u00e4\u00df den Bestimmungen des Gesetzes und im Rahmen der f\u00fcr die institutionelle T\u00e4tigkeit get\u00e4tigten Kosten, zur Zahlung der Bonifizierungsbeitr\u00e4ge verpflichtet. Zu diesen Kosten z\u00e4hlen die Ausgaben f\u00fcr die Verwirklichung, die Instandhaltung und die F\u00fchrung der Bauten sowie f\u00fcr die Aufsicht \u00fcber die Bauten und den Betrieb des Konsortiums.<\/p>\n<p>Die Bestimmung der T\u00e4tigkeiten, welche vom Bonifizierungskonsortium durchzuf\u00fchren sind, erfolgt durch den \u201eAllgemeinen Bonifizierungsplan\u201c, welcher von der Autonomen Provinz Bozen erstellt und genehmigt wird.<\/p>\n<p>Die Festsetzung der von den einzelnen Liegenschaften zu entrichtenden Konsortialbeitr\u00e4ge ist durch den \u201eKlassifizierungsplan\u201c geregelt, welcher vom Bonifizierungskonsortium erstellt und von der Autonomen Provinz Bozen genehmigt werden muss.<\/p>\n<p><a href=\"https:\/\/bonif.org\/wp-content\/uploads\/2025\/03\/Klassifizierungsplan-2024.pdf\">Klassifizierungsplan 2024<\/a><\/p>\n<p>Die Konsortialbeitr\u00e4ge von Bonifizierungskonsortien stellen Reallasten auf den Grundst\u00fccken der Beitragspflichtigen dar und sind steuerrechtlicher Natur. F\u00fcr ihre Einhebung wird nach den Bestimmungen vorgegangen, die die Eintreibung der direkten Steuern regeln.<\/p>\n<hr \/>\n<p><strong><u>\u00c4nderungen am Konsortialkataster:<\/u><\/strong><\/p>\n<p>\u00c4nderungen am Konsortialkataster betreffend die Eigentumsverh\u00e4ltnisse oder die Fl\u00e4chen der Liegenschaften, m\u00fcssen dem Bonifizierungskonsortium <strong>innerhalb 31. J\u00e4nner des betreffenden Jahres<\/strong> gemeldet werden, damit sie f\u00fcr die Einhebung des Beitrages des laufenden Jahres ber\u00fccksichtigt werden k\u00f6nnen.<\/p>\n<hr \/>\n<h2>Konsortialbeitr\u00e4ge f\u00fcr das Jahr 2025:<\/h2>\n<p>Anbei finden Sie den Beschluss des Delegiertenrates bez\u00fcglich der Genehmigung der Konsortialbeitr\u00e4ge f\u00fcr das Jahr 2025 mit der entsprechenden Beschreibung.<\/p>\n<p><a href=\"https:\/\/bonif.org\/wp-content\/uploads\/2025\/03\/Beschluss-Delibera-16-2025-signed-signed.pdf\">Beschluss-Delibera 16-2025<\/a><\/p>\n<p><a href=\"https:\/\/bonif.org\/wp-content\/uploads\/2021\/06\/Beschreibung-Konsortialbeitr\u00e4ge-Homepage.pdf\">Beschreibung Konsortialbeitr\u00e4ge<\/a><\/p>\n","protected":false},"excerpt":{"rendered":"<p>Konsortialbeitr\u00e4ge Ziehen die Eigent\u00fcmer von \u00f6ffentlichen und privaten, landwirtschaftlichen und nichtlandwirtschaftlichen Liegenschaften, welche sich im Einzugsgebiet des Bonifizierungskonsortiums befinden, Nutzen aus den vom Konsortium gef\u00fchrten Bauten, sind sie gem\u00e4\u00df den Bestimmungen des Gesetzes und im Rahmen der f\u00fcr die institutionelle T\u00e4tigkeit get\u00e4tigten Kosten, zur Zahlung der Bonifizierungsbeitr\u00e4ge verpflichtet. Zu diesen Kosten z\u00e4hlen die Ausgaben f\u00fcr &hellip; <a href=\"https:\/\/bonif.org\/?page_id=17\" class=\"more-link\"><span class=\"screen-reader-text\">Konsortialbeitr\u00e4ge<\/span> weiterlesen <span class=\"meta-nav\">&rarr;<\/span><\/a><\/p>\n","protected":false},"author":1,"featured_media":86,"parent":0,"menu_order":12,"comment_status":"open","ping_status":"closed","template":"","meta":{"_acf_changed":false,"footnotes":""},"class_list":["post-17","page","type-page","status-publish","has-post-thumbnail","hentry"],"acf":[],"jetpack_sharing_enabled":true,"_links":{"self":[{"href":"https:\/\/bonif.org\/index.php?rest_route=\/wp\/v2\/pages\/17","targetHints":{"allow":["GET"]}}],"collection":[{"href":"https:\/\/bonif.org\/index.php?rest_route=\/wp\/v2\/pages"}],"about":[{"href":"https:\/\/bonif.org\/index.php?rest_route=\/wp\/v2\/types\/page"}],"author":[{"embeddable":true,"href":"https:\/\/bonif.org\/index.php?rest_route=\/wp\/v2\/users\/1"}],"replies":[{"embeddable":true,"href":"https:\/\/bonif.org\/index.php?rest_route=%2Fwp%2Fv2%2Fcomments&post=17"}],"version-history":[{"count":31,"href":"https:\/\/bonif.org\/index.php?rest_route=\/wp\/v2\/pages\/17\/revisions"}],"predecessor-version":[{"id":2767,"href":"https:\/\/bonif.org\/index.php?rest_route=\/wp\/v2\/pages\/17\/revisions\/2767"}],"wp:featuredmedia":[{"embeddable":true,"href":"https:\/\/bonif.org\/index.php?rest_route=\/wp\/v2\/media\/86"}],"wp:attachment":[{"href":"https:\/\/bonif.org\/index.php?rest_route=%2Fwp%2Fv2%2Fmedia&parent=17"}],"curies":[{"name":"wp","href":"https:\/\/api.w.org\/{rel}","templated":true}]}}