{"id":16,"date":"2015-04-30T08:53:27","date_gmt":"2015-04-30T06:53:27","guid":{"rendered":"https:\/\/bonif.org.dd27824.kasserver.com\/projekt\/?page_id=16"},"modified":"2017-11-27T14:50:48","modified_gmt":"2017-11-27T13:50:48","slug":"verwaltung-von-beregnungsanlagen","status":"publish","type":"page","link":"https:\/\/bonif.org\/?page_id=16","title":{"rendered":"Verwaltung von Beregnungsanlagen"},"content":{"rendered":"<h2>Verwaltung von Beregnungsanlagen<\/h2>\n<div id=\"idTextPanel\" class=\"jqDnR\">\n<p>Im Sinne der Bestimmungen des L.G. 5\/2009 kann das Bonifizierungskonsortium den Bau und die Verwaltung von Beregnungsanlagen im Einzugsgebiet \u00fcbernehmen.<\/p>\n<p>Die entsprechenden Spesen f\u00fcr diese Dienstleistung werden den betroffenen Grundeigent\u00fcmern nach den Kriterien des Klassifizierungsplanes angelastet.<\/p>\n<p><a href=\"https:\/\/bonif.org\/wp-content\/uploads\/2017\/11\/2-Verordnung-Beregnungsanlagen.pdf\">Verordnung \u00fcber die konsortialen Beregnungsanlagen<\/a><\/p>\n<\/div>\n","protected":false},"excerpt":{"rendered":"<p>Verwaltung von Beregnungsanlagen Im Sinne der Bestimmungen des L.G. 5\/2009 kann das Bonifizierungskonsortium den Bau und die Verwaltung von Beregnungsanlagen im Einzugsgebiet \u00fcbernehmen. Die entsprechenden Spesen f\u00fcr diese Dienstleistung werden den betroffenen Grundeigent\u00fcmern nach den Kriterien des Klassifizierungsplanes angelastet. Verordnung \u00fcber die konsortialen Beregnungsanlagen<\/p>\n","protected":false},"author":1,"featured_media":86,"parent":13,"menu_order":11,"comment_status":"open","ping_status":"closed","template":"","meta":{"_acf_changed":false,"footnotes":""},"class_list":["post-16","page","type-page","status-publish","has-post-thumbnail","hentry"],"acf":[],"jetpack_sharing_enabled":true,"_links":{"self":[{"href":"https:\/\/bonif.org\/index.php?rest_route=\/wp\/v2\/pages\/16","targetHints":{"allow":["GET"]}}],"collection":[{"href":"https:\/\/bonif.org\/index.php?rest_route=\/wp\/v2\/pages"}],"about":[{"href":"https:\/\/bonif.org\/index.php?rest_route=\/wp\/v2\/types\/page"}],"author":[{"embeddable":true,"href":"https:\/\/bonif.org\/index.php?rest_route=\/wp\/v2\/users\/1"}],"replies":[{"embeddable":true,"href":"https:\/\/bonif.org\/index.php?rest_route=%2Fwp%2Fv2%2Fcomments&post=16"}],"version-history":[{"count":10,"href":"https:\/\/bonif.org\/index.php?rest_route=\/wp\/v2\/pages\/16\/revisions"}],"predecessor-version":[{"id":1333,"href":"https:\/\/bonif.org\/index.php?rest_route=\/wp\/v2\/pages\/16\/revisions\/1333"}],"up":[{"embeddable":true,"href":"https:\/\/bonif.org\/index.php?rest_route=\/wp\/v2\/pages\/13"}],"wp:featuredmedia":[{"embeddable":true,"href":"https:\/\/bonif.org\/index.php?rest_route=\/wp\/v2\/media\/86"}],"wp:attachment":[{"href":"https:\/\/bonif.org\/index.php?rest_route=%2Fwp%2Fv2%2Fmedia&parent=16"}],"curies":[{"name":"wp","href":"https:\/\/api.w.org\/{rel}","templated":true}]}}