{"id":15,"date":"2015-04-30T08:53:26","date_gmt":"2015-04-30T06:53:26","guid":{"rendered":"https:\/\/bonif.org.dd27824.kasserver.com\/projekt\/?page_id=15"},"modified":"2016-04-12T16:35:44","modified_gmt":"2016-04-12T14:35:44","slug":"betrieb-und-instandhaltung-von-wasserfassungsstellen","status":"publish","type":"page","link":"https:\/\/bonif.org\/?page_id=15","title":{"rendered":"Betrieb und Instandhaltung von Wasserfassungsstellen"},"content":{"rendered":"<h2>Betrieb und Instandhaltung von Wasserfassungsstellen<\/h2>\n<div id=\"idTextPanel\" class=\"jqDnR\">\n<p>&nbsp;<\/p>\n<p>Das Bonifizierungskonsortium betreibt innerhalb des Einzugsgebietes 20 Wasserfassungsstellen, welche den Konsortialmitgliedern zum Bef\u00fcllen der Spr\u00fchger\u00e4te f\u00fcr die Pflanzenschutzbehandlungen dienen.<br \/>\nDie Spesen f\u00fcr den Betrieb und die Instandhaltung dieser Anlagen werden nur von den Eigent\u00fcmern landwirtschaftlich genutzter Grundparzellen im Einzugsgebiet des Konsortiums getragen.<\/p>\n<p><strong><u>Der Delegiertenrat hat f\u00fcr die Ben\u00fctzung der Wasserfassungsstellen folgende Verordnung erlassen:<\/u><\/strong><\/p>\n<p><a href=\"https:\/\/bonif.org\/wp-content\/uploads\/2016\/04\/Verordnung-Wasserfassungsstellen.pdf\">Verordnung \u00fcber die Ben\u00fctzung der Wasserfassungsstellen<\/a><br \/>\n&nbsp;<\/p>\n<h5><span style=\"text-decoration: underline;\">Wasserfassungsstellen in Zust\u00e4ndigkeit des Bonifizierungskonsortiums \u201eGmund-Salurn\u201c<\/span><\/h5>\n<p><a href=\"https:\/\/bonif.org\/wp-content\/uploads\/2015\/04\/Verzeichnis-der-Wasserfassungsstellen.pdf\">Verzeichnis der Wasserfassungsstellen<\/a><\/p>\n<\/div>\n","protected":false},"excerpt":{"rendered":"<p>Betrieb und Instandhaltung von Wasserfassungsstellen &nbsp; Das Bonifizierungskonsortium betreibt innerhalb des Einzugsgebietes 20 Wasserfassungsstellen, welche den Konsortialmitgliedern zum Bef\u00fcllen der Spr\u00fchger\u00e4te f\u00fcr die Pflanzenschutzbehandlungen dienen. Die Spesen f\u00fcr den Betrieb und die Instandhaltung dieser Anlagen werden nur von den Eigent\u00fcmern landwirtschaftlich genutzter Grundparzellen im Einzugsgebiet des Konsortiums getragen. Der Delegiertenrat hat f\u00fcr die Ben\u00fctzung der &hellip; <a href=\"https:\/\/bonif.org\/?page_id=15\" class=\"more-link\"><span class=\"screen-reader-text\">Betrieb und Instandhaltung von Wasserfassungsstellen<\/span> weiterlesen <span class=\"meta-nav\">&rarr;<\/span><\/a><\/p>\n","protected":false},"author":1,"featured_media":0,"parent":13,"menu_order":10,"comment_status":"open","ping_status":"closed","template":"","meta":{"_acf_changed":false,"footnotes":""},"class_list":["post-15","page","type-page","status-publish","hentry"],"acf":[],"jetpack_sharing_enabled":true,"_links":{"self":[{"href":"https:\/\/bonif.org\/index.php?rest_route=\/wp\/v2\/pages\/15","targetHints":{"allow":["GET"]}}],"collection":[{"href":"https:\/\/bonif.org\/index.php?rest_route=\/wp\/v2\/pages"}],"about":[{"href":"https:\/\/bonif.org\/index.php?rest_route=\/wp\/v2\/types\/page"}],"author":[{"embeddable":true,"href":"https:\/\/bonif.org\/index.php?rest_route=\/wp\/v2\/users\/1"}],"replies":[{"embeddable":true,"href":"https:\/\/bonif.org\/index.php?rest_route=%2Fwp%2Fv2%2Fcomments&post=15"}],"version-history":[{"count":14,"href":"https:\/\/bonif.org\/index.php?rest_route=\/wp\/v2\/pages\/15\/revisions"}],"predecessor-version":[{"id":1041,"href":"https:\/\/bonif.org\/index.php?rest_route=\/wp\/v2\/pages\/15\/revisions\/1041"}],"up":[{"embeddable":true,"href":"https:\/\/bonif.org\/index.php?rest_route=\/wp\/v2\/pages\/13"}],"wp:attachment":[{"href":"https:\/\/bonif.org\/index.php?rest_route=%2Fwp%2Fv2%2Fmedia&parent=15"}],"curies":[{"name":"wp","href":"https:\/\/api.w.org\/{rel}","templated":true}]}}