{"id":1310,"date":"2017-11-27T14:12:11","date_gmt":"2017-11-27T13:12:11","guid":{"rendered":"https:\/\/bonif.org?page_id=1310"},"modified":"2025-10-20T10:04:51","modified_gmt":"2025-10-20T08:04:51","slug":"verordnungen","status":"publish","type":"page","link":"https:\/\/bonif.org\/?page_id=1310","title":{"rendered":"VERORDNUNGEN"},"content":{"rendered":"<p>Organisationsmodell laut GvD Nr. 231\/2001:<\/p>\n<p><a href=\"https:\/\/bonif.org\/wp-content\/uploads\/2023\/12\/1.-Descrizione-del-Modello-231-Consorzio-\u201cMonte-Salorno\u201d-Bonifizierungskonsortium-\u201eGmund-Salurn\u201d-23_11_14.pdf\">Beschreibung Modell 231 &#8211; Bonifizierungskonsortium Gmund-Salurn&#8220;<\/a><\/p>\n<hr \/>\n<p>Verordnung f\u00fcr die Verwaltung von Pantouflage<\/p>\n<p><a href=\"https:\/\/bonif.org\/wp-content\/uploads\/2025\/10\/Entwurf-Regelung-fuer-die-Verwaltung-von-Pantouflage.pdf\">Verordnung f\u00fcr die Verwaltung von Pantouflage<\/a><\/p>\n<hr \/>\n<p>Verordnung \u00fcber das Rechnungswesen:<\/p>\n<p><a href=\"https:\/\/bonif.org\/wp-content\/uploads\/2017\/11\/Verordnung-\u00fcber-das-Rechnungswesen.pdf\">Verordnung \u00fcber das Rechnungswesen<\/a><\/p>\n<hr \/>\n<p>Verordnung \u00fcber die Regelung der Repr\u00e4sentationsausgaben:<\/p>\n<p><a href=\"https:\/\/bonif.org\/wp-content\/uploads\/2017\/11\/Verordnung-Rapr\u00e4sentationsspesen.pdf\">Verordnung Repr\u00e4sentationsausgaben<\/a><\/p>\n<hr \/>\n<p>Verordnung \u00fcber die Vergabe von Bauleistungen, Lieferungen und Dienstleistungen:<\/p>\n<p><a href=\"https:\/\/bonif.org\/wp-content\/uploads\/2023\/10\/Verordnung-Vergaben-2023.pdf\">Verordnung Vergaben 2023<\/a><\/p>\n<hr \/>\n<p>Verordnung \u00fcber die Konzessionsvergaben:<\/p>\n<p><a href=\"https:\/\/bonif.org\/wp-content\/uploads\/2025\/09\/Verordnung-Konzessionsvergaben.pdf\">Verordnung Konzessionsvergaben<\/a><\/p>\n<p><a href=\"https:\/\/bonif.org\/wp-content\/uploads\/2025\/09\/Anhang-1-Tabelle-Konzessionsgeb\u00fchren.pdf\">Anhang 1 Tabelle Konzessionsgeb\u00fchren<\/a><\/p>\n<p><a href=\"https:\/\/bonif.org\/wp-content\/uploads\/2025\/09\/Anhang-2-Berechnungsgrundlage-Einleitungsgeb\u00fchren.pdf\">Anhang 2 Berechnungsgrundlage Einleitungsgeb\u00fchren<\/a><\/p>\n<p><a href=\"https:\/\/bonif.org\/wp-content\/uploads\/2025\/09\/Anhang-3-Einleitungen-Gemeinden.pdf\">Anhang 3 Einleitungen Gemeinden<\/a><\/p>\n<hr \/>\n<p>Verordnung \u00fcber die Ben\u00fctzung der Wasserfassungsstellen im Kompetenzbereich des Bonifizierungskonsortiums:<\/p>\n<p><a href=\"https:\/\/bonif.org\/wp-content\/uploads\/2017\/11\/Verordnung-Wasserfassungsstellen.pdf\">Verordnung Wasserfassungsstellen<\/a><\/p>\n<hr \/>\n<p>Verordnung \u00fcber die konsortialen Bew\u00e4sserungsanlagen:<\/p>\n<p><a href=\"https:\/\/bonif.org\/wp-content\/uploads\/2017\/11\/2-Verordnung-Beregnungsanlagen.pdf\">Verordnung \u00fcber die konsortialen Bew\u00e4sserungsanlagen<\/a><\/p>\n<hr \/>\n<p>Verordnung \u00fcber die Regelung der Parkfl\u00e4chen des Bonifizierungskonsortiums:<\/p>\n<p><a href=\"https:\/\/bonif.org\/wp-content\/uploads\/2017\/11\/Verordnung-Parkplatzregelung.pdf\">Verordnung \u00fcber die Regelung der Parkfl\u00e4chen<\/a><\/p>\n<hr \/>\n<p>&nbsp;<\/p>\n","protected":false},"excerpt":{"rendered":"<p>Organisationsmodell laut GvD Nr. 231\/2001: Beschreibung Modell 231 &#8211; Bonifizierungskonsortium Gmund-Salurn&#8220; Verordnung f\u00fcr die Verwaltung von Pantouflage Verordnung f\u00fcr die Verwaltung von Pantouflage Verordnung \u00fcber das Rechnungswesen: Verordnung \u00fcber das Rechnungswesen Verordnung \u00fcber die Regelung der Repr\u00e4sentationsausgaben: Verordnung Repr\u00e4sentationsausgaben Verordnung \u00fcber die Vergabe von Bauleistungen, Lieferungen und Dienstleistungen: Verordnung Vergaben 2023 Verordnung \u00fcber die Konzessionsvergaben: &hellip; <a href=\"https:\/\/bonif.org\/?page_id=1310\" class=\"more-link\"><span class=\"screen-reader-text\">VERORDNUNGEN<\/span> weiterlesen <span class=\"meta-nav\">&rarr;<\/span><\/a><\/p>\n","protected":false},"author":3,"featured_media":0,"parent":0,"menu_order":0,"comment_status":"open","ping_status":"open","template":"","meta":{"_acf_changed":false,"footnotes":""},"class_list":["post-1310","page","type-page","status-publish","hentry"],"acf":[],"jetpack_sharing_enabled":true,"_links":{"self":[{"href":"https:\/\/bonif.org\/index.php?rest_route=\/wp\/v2\/pages\/1310","targetHints":{"allow":["GET"]}}],"collection":[{"href":"https:\/\/bonif.org\/index.php?rest_route=\/wp\/v2\/pages"}],"about":[{"href":"https:\/\/bonif.org\/index.php?rest_route=\/wp\/v2\/types\/page"}],"author":[{"embeddable":true,"href":"https:\/\/bonif.org\/index.php?rest_route=\/wp\/v2\/users\/3"}],"replies":[{"embeddable":true,"href":"https:\/\/bonif.org\/index.php?rest_route=%2Fwp%2Fv2%2Fcomments&post=1310"}],"version-history":[{"count":17,"href":"https:\/\/bonif.org\/index.php?rest_route=\/wp\/v2\/pages\/1310\/revisions"}],"predecessor-version":[{"id":2892,"href":"https:\/\/bonif.org\/index.php?rest_route=\/wp\/v2\/pages\/1310\/revisions\/2892"}],"wp:attachment":[{"href":"https:\/\/bonif.org\/index.php?rest_route=%2Fwp%2Fv2%2Fmedia&parent=1310"}],"curies":[{"name":"wp","href":"https:\/\/api.w.org\/{rel}","templated":true}]}}