{"id":10,"date":"2015-04-30T08:53:22","date_gmt":"2015-04-30T06:53:22","guid":{"rendered":"https:\/\/bonif.org.dd27824.kasserver.com\/projekt\/?page_id=10"},"modified":"2015-06-17T08:41:39","modified_gmt":"2015-06-17T06:41:39","slug":"einzugsgebiet","status":"publish","type":"page","link":"https:\/\/bonif.org\/?page_id=10","title":{"rendered":"Einzugsgebiet"},"content":{"rendered":"<h2>Das Einzugsgebiet<\/h2>\n<p>Laut Absatz 1 des Art. 47 des Landesgesetzes vom 28.09.2009, Nr. 5, umfasst das Einzugsgebiet des Bonifizierungskonsortiums \u201eGmund-Salurn\u201c die im Liegenschaftsverzeichnis (Konsortialkataster) eingetragenen Liegenschaften laut beiliegendem Lageplan.<\/p>\n<p>Das Einzugsgebiet des Bonifizierungskonsortiums entspricht gr\u00f6\u00dftenteils der Etschtalsohle zwischen Gmund und Salurn, welche bei der \u00dcberschwemmung durch die Etsch im Jahre 1882 \u00fcberflutet worden ist (erg\u00e4nzt durch einige Erweiterungen in den folgenden Jahren).<\/p>\n<p>Das Einzugsgebiet hat eine Gesamtfl\u00e4che von 4.168,7 ha und umfasst im Ganzen oder zum Teil die folgenden Katastralgemeinden:<\/p>\n<div class=\"su-table table_bonif su-table-alternate\">\n<table>\n<tbody>\n<tr>\n<td>Auer<\/td>\n<td>70,7 ha<\/td>\n<\/tr>\n<tr>\n<td>Kaltern<\/td>\n<td>925,9 ha<\/td>\n<\/tr>\n<tr>\n<td>Kurtatsch<\/td>\n<td>494,4 ha<\/td>\n<\/tr>\n<tr>\n<td>Kurtinig<\/td>\n<td>199,7 ha<\/td>\n<\/tr>\n<tr>\n<td>Laag<\/td>\n<td>183,8 ha<\/td>\n<\/tr>\n<tr>\n<td>Margreid<\/td>\n<td>400,8 ha<\/td>\n<\/tr>\n<tr>\n<td>Montan<\/td>\n<td>10,3 ha<\/td>\n<\/tr>\n<tr>\n<td>Neumarkt<\/td>\n<td>434,0 ha<\/td>\n<\/tr>\n<tr>\n<td>Pfatten<\/td>\n<td>89,1 ha<\/td>\n<\/tr>\n<tr>\n<td>Salurn<\/td>\n<td>788,4 ha<\/td>\n<\/tr>\n<tr>\n<td>S\u00f6ll<\/td>\n<td>33,3 ha<\/td>\n<\/tr>\n<tr>\n<td>Tramin<\/td>\n<td>548,3 ha<\/td>\n<\/tr>\n<tr>\n<td><strong>insgesamt<\/strong><\/td>\n<td><strong>4.168,7 ha<\/strong><\/td>\n<\/tr>\n<\/tbody>\n<\/table>\n<\/div>\n<p><strong><span style=\"text-decoration: underline;\">Lageplan des Einzugsgebietes:<\/span><\/strong><\/p>\n<p><a href=\"https:\/\/bonif.org\/wp-content\/uploads\/2015\/04\/EINZUGSGEBIET-COMPRENSORIO.pdf\" target=\"_blank\">Download Lageplan &gt;&gt;&gt;<\/a><\/p>\n","protected":false},"excerpt":{"rendered":"<p>Das Einzugsgebiet Laut Absatz 1 des Art. 47 des Landesgesetzes vom 28.09.2009, Nr. 5, umfasst das Einzugsgebiet des Bonifizierungskonsortiums \u201eGmund-Salurn\u201c die im Liegenschaftsverzeichnis (Konsortialkataster) eingetragenen Liegenschaften laut beiliegendem Lageplan. Das Einzugsgebiet des Bonifizierungskonsortiums entspricht gr\u00f6\u00dftenteils der Etschtalsohle zwischen Gmund und Salurn, welche bei der \u00dcberschwemmung durch die Etsch im Jahre 1882 \u00fcberflutet worden ist (erg\u00e4nzt &hellip; <a href=\"https:\/\/bonif.org\/?page_id=10\" class=\"more-link\"><span class=\"screen-reader-text\">Einzugsgebiet<\/span> weiterlesen <span class=\"meta-nav\">&rarr;<\/span><\/a><\/p>\n","protected":false},"author":1,"featured_media":700,"parent":8,"menu_order":5,"comment_status":"open","ping_status":"closed","template":"","meta":{"_acf_changed":false,"footnotes":""},"class_list":["post-10","page","type-page","status-publish","has-post-thumbnail","hentry"],"acf":[],"jetpack_sharing_enabled":true,"_links":{"self":[{"href":"https:\/\/bonif.org\/index.php?rest_route=\/wp\/v2\/pages\/10","targetHints":{"allow":["GET"]}}],"collection":[{"href":"https:\/\/bonif.org\/index.php?rest_route=\/wp\/v2\/pages"}],"about":[{"href":"https:\/\/bonif.org\/index.php?rest_route=\/wp\/v2\/types\/page"}],"author":[{"embeddable":true,"href":"https:\/\/bonif.org\/index.php?rest_route=\/wp\/v2\/users\/1"}],"replies":[{"embeddable":true,"href":"https:\/\/bonif.org\/index.php?rest_route=%2Fwp%2Fv2%2Fcomments&post=10"}],"version-history":[{"count":8,"href":"https:\/\/bonif.org\/index.php?rest_route=\/wp\/v2\/pages\/10\/revisions"}],"predecessor-version":[{"id":708,"href":"https:\/\/bonif.org\/index.php?rest_route=\/wp\/v2\/pages\/10\/revisions\/708"}],"up":[{"embeddable":true,"href":"https:\/\/bonif.org\/index.php?rest_route=\/wp\/v2\/pages\/8"}],"wp:featuredmedia":[{"embeddable":true,"href":"https:\/\/bonif.org\/index.php?rest_route=\/wp\/v2\/media\/700"}],"wp:attachment":[{"href":"https:\/\/bonif.org\/index.php?rest_route=%2Fwp%2Fv2%2Fmedia&parent=10"}],"curies":[{"name":"wp","href":"https:\/\/api.w.org\/{rel}","templated":true}]}}